{"id":617,"date":"2021-12-13T16:24:22","date_gmt":"2021-12-13T15:24:22","guid":{"rendered":"https:\/\/jetskisaintmartin.com\/?post_type=product&#038;p=617"},"modified":"2022-04-06T20:35:36","modified_gmt":"2022-04-06T18:35:36","slug":"bon-cadeau-vip-saint-barth-tour-journee","status":"publish","type":"product","link":"https:\/\/jetskisaintmartin.com\/en\/product\/bon-cadeau-vip-saint-barth-tour-journee\/","title":{"rendered":"BON CADEAU VIP SAINT-BARTH TOUR | JOURNEE"},"content":{"rendered":"<p>Partez pour<strong>\u00a0une journ\u00e9e inoubliable<\/strong>\u00a0qui vous m\u00e8nera jusqu\u2019\u00e0 la magnifique \u00eele de\u00a0<strong>Saint-Barth\u00e9lemy<\/strong>\u00a0!<\/p>\n<p>Un tour unique offert par\u00a0<strong>Jet Paradise<\/strong>, pr\u00e9parez-vous \u00e0 voguer vers Saint Barth\u00e9l\u00e9my.<\/p>\n<p>D\u00e9couvrez<strong>\u00a0les plages idylliques<\/strong>\u00a0de notre \u00eele voisine avec le fameux Niki Beach, la Baie de St Jean, la Baie de Lorient, et bien d\u2019autres \u00e9merveillements.<\/p>\n","protected":false},"excerpt":{"rendered":"<p>Partez pour<strong>\u00a0une journ\u00e9e inoubliable<\/strong>\u00a0qui vous m\u00e8nera jusqu\u2019\u00e0 la magnifique \u00eele de\u00a0<strong>Saint-Barth\u00e9lemy<\/strong>\u00a0!<\/p>\n<p>Un tour unique offert par\u00a0<strong>Jet Paradise<\/strong>, pr\u00e9parez-vous \u00e0 voguer vers Saint Barth\u00e9l\u00e9my.<\/p>\n<p>D\u00e9couvrez<strong>\u00a0les plages idylliques<\/strong>\u00a0de notre \u00eele voisine avec le fameux Niki Beach, la Baie de St Jean, la Baie de Lorient, et bien d\u2019autres \u00e9merveillements.<\/p>\n","protected":false},"featured_media":89,"comment_status":"open","ping_status":"closed","template":"","meta":{"_monsterinsights_skip_tracking":false,"_monsterinsights_sitenote_active":false,"_monsterinsights_sitenote_note":"","_monsterinsights_sitenote_category":0},"product_brand":[],"product_cat":[23],"product_tag":[],"class_list":{"0":"post-617","1":"product","2":"type-product","3":"status-publish","4":"has-post-thumbnail","6":"product_cat-bons-cadeaux","7":"description-off","9":"first","10":"instock","11":"virtual","12":"purchasable","13":"product-type-simple"},"aioseo_notices":[],"jetpack_sharing_enabled":true,"_links":{"self":[{"href":"https:\/\/jetskisaintmartin.com\/en\/wp-json\/wp\/v2\/product\/617","targetHints":{"allow":["GET"]}}],"collection":[{"href":"https:\/\/jetskisaintmartin.com\/en\/wp-json\/wp\/v2\/product"}],"about":[{"href":"https:\/\/jetskisaintmartin.com\/en\/wp-json\/wp\/v2\/types\/product"}],"replies":[{"embeddable":true,"href":"https:\/\/jetskisaintmartin.com\/en\/wp-json\/wp\/v2\/comments?post=617"}],"wp:featuredmedia":[{"embeddable":true,"href":"https:\/\/jetskisaintmartin.com\/en\/wp-json\/wp\/v2\/media\/89"}],"wp:attachment":[{"href":"https:\/\/jetskisaintmartin.com\/en\/wp-json\/wp\/v2\/media?parent=617"}],"wp:term":[{"taxonomy":"product_brand","embeddable":true,"href":"https:\/\/jetskisaintmartin.com\/en\/wp-json\/wp\/v2\/product_brand?post=617"},{"taxonomy":"product_cat","embeddable":true,"href":"https:\/\/jetskisaintmartin.com\/en\/wp-json\/wp\/v2\/product_cat?post=617"},{"taxonomy":"product_tag","embeddable":true,"href":"https:\/\/jetskisaintmartin.com\/en\/wp-json\/wp\/v2\/product_tag?post=617"}],"curies":[{"name":"wp","href":"https:\/\/api.w.org\/{rel}","templated":true}]}}